{"id":111,"date":"2025-03-27T20:51:32","date_gmt":"2025-03-27T20:51:32","guid":{"rendered":"https:\/\/edyflex.com\/ejm\/?page_id=111"},"modified":"2025-03-31T20:49:42","modified_gmt":"2025-03-31T20:49:42","slug":"information-3","status":"publish","type":"page","link":"https:\/\/edyflex.com\/ejm\/?page_id=111&lang=de","title":{"rendered":"INFORMATIONEN"},"content":{"rendered":"\n<h3 class=\"wp-block-heading has-text-align-center\"><br><strong>EJM-PRO-4&nbsp;<br>QR to AUDIO PROGRAM<\/strong><\/h3>\n\n\n\n<p><br>Durch Scannen des QR-Codes, der neben den ausgestellten Objekten in Museen, Ausstellungen und Produktvorf\u00fchrungen angebracht ist, k\u00f6nnen Besucher Informationen in mehreren Sprachen auf ihren Telefonen anh\u00f6ren.<br><br>Der Service kombiniert das visuelle Erlebnis mit dem Anh\u00f6ren der dazugeh\u00f6rigen Erkl\u00e4rung, wodurch eine v\u00f6llig neue Wirkung und ein Vielfaches an Informationen entsteht. Dies kann informativ, unterhaltsam oder lehrreich sein. Die L\u00e4nge der Audiounterst\u00fctzung betr\u00e4gt 4\u20135 Minuten, was jeweils 650\u2013700 W\u00f6rtern geschriebenem Text entspricht.<br><br>Wir bieten derzeit Dienstleistungen in vier verschiedenen Sprachen an \u2013 Englisch, Spanisch, Franz\u00f6sisch und Deutsch. Es bleibt dem Besucher \u00fcberlassen, seine bevorzugte Sprache auszuw\u00e4hlen. Eine unbegrenzte Anzahl von Besuchern kann auf den Service f\u00fcr dasselbe Ausstellungsobjekt zugreifen \u2013 gleichzeitig und in allen Sprachen. Die Wiedergabe von Audiodateien kann je nach Sprache und Besucher variieren.<br><br>Nachfolgend pr\u00e4sentieren wir das Programm zu Vincent Van Goghs Gem\u00e4lde \u201eIris\u201c und einem ausgestellten Exemplar der Guttenberg-Bibel.<\/p>\n\n\n\n<div class=\"wp-block-columns are-vertically-aligned-top is-layout-flex wp-container-core-columns-is-layout-1 wp-block-columns-is-layout-flex\">\n<div class=\"wp-block-column is-vertically-aligned-top is-layout-flow wp-block-column-is-layout-flow\">\n<p class=\"has-text-align-center\">Van Gogh: Irises<\/p>\n\n\n\n<figure class=\"wp-block-image aligncenter size-full\"><img loading=\"lazy\" decoding=\"async\" width=\"164\" height=\"164\" src=\"https:\/\/edyflex.com\/ejm\/wp-content\/uploads\/2025\/03\/qr-13.png\" alt=\"\" class=\"wp-image-74\"\/><\/figure>\n<\/div>\n\n\n\n<div class=\"wp-block-column is-vertically-aligned-top is-layout-flow wp-block-column-is-layout-flow\">\n<p class=\"has-text-align-center\">Gutenberg Bible<\/p>\n\n\n\n<figure class=\"wp-block-image aligncenter size-full\"><img loading=\"lazy\" decoding=\"async\" width=\"164\" height=\"164\" src=\"https:\/\/edyflex.com\/ejm\/wp-content\/uploads\/2025\/03\/qr-22.png\" alt=\"\" class=\"wp-image-73\"\/><\/figure>\n<\/div>\n<\/div>\n\n\n\n<p>Vom Kunden wird lediglich eine Textbeschreibung des Objekts verlangt \u2013 die restlichen Aufgaben: \u00dcbersetzungen, Anfertigen einer Audioaufnahme und Erstellen eines Schildes neben dem ausgestellten Objekt \u2013 liegen in der Verantwortung des Programms.<br><br>Wenn wir Ihr Interesse geweckt haben, erfahren Sie auf der Beschreibungsseite im <a href=\"https:\/\/edyflex.com\/ejm\/?page_id=126&amp;lang=de\" data-type=\"page\" data-id=\"126\">Detail<\/a>, wie das System funktioniert, was das Programm EJM-PRO-4 kann und k\u00f6nnen auch Informationen zum Bestellvorgang lesen. Auf den weiteren Seiten finden Sie das f\u00fcr die Bestellung und Zahlung per Kreditkarte erforderliche Bestellformular.<br><br>F\u00fcr weitere Fragen stehen wir unseren Kunden unter der E-Mail-Adresse <a href=\"mailto:ejm-pro@edyflex.com\">ejm-pro@edyflex.com<\/a> oder telefonisch unter 760-774-2798 an Werktagen zwischen 10 und 16 Uhr (Pacific Standard Time) gerne zur Verf\u00fcgung.<\/p>\n\n\n\n<p><\/p>\n","protected":false},"excerpt":{"rendered":"<p>EJM-PRO-4&nbsp;QR to AUDIO PROGRAM Durch Scannen des QR-Codes, der neben den ausgestellten Objekten in Museen, Ausstellungen und Produktvorf\u00fchrungen angebracht ist, [&hellip;]<\/p>\n","protected":false},"author":1,"featured_media":0,"parent":0,"menu_order":0,"comment_status":"closed","ping_status":"closed","template":"","meta":{"site-sidebar-layout":"default","site-content-layout":"","ast-site-content-layout":"","site-content-style":"default","site-sidebar-style":"default","ast-global-header-display":"","ast-banner-title-visibility":"","ast-main-header-display":"","ast-hfb-above-header-display":"","ast-hfb-below-header-display":"","ast-hfb-mobile-header-display":"","site-post-title":"disabled","ast-breadcrumbs-content":"","ast-featured-img":"","footer-sml-layout":"","theme-transparent-header-meta":"","adv-header-id-meta":"","stick-header-meta":"","header-above-stick-meta":"","header-main-stick-meta":"","header-below-stick-meta":"","astra-migrate-meta-layouts":"default","ast-page-background-enabled":"default","ast-page-background-meta":{"desktop":{"background-color":"var(--ast-global-color-5)","background-image":"","background-repeat":"repeat","background-position":"center center","background-size":"auto","background-attachment":"scroll","background-type":"","background-media":"","overlay-type":"","overlay-color":"","overlay-opacity":"","overlay-gradient":""},"tablet":{"background-color":"","background-image":"","background-repeat":"repeat","background-position":"center center","background-size":"auto","background-attachment":"scroll","background-type":"","background-media":"","overlay-type":"","overlay-color":"","overlay-opacity":"","overlay-gradient":""},"mobile":{"background-color":"","background-image":"","background-repeat":"repeat","background-position":"center center","background-size":"auto","background-attachment":"scroll","background-type":"","background-media":"","overlay-type":"","overlay-color":"","overlay-opacity":"","overlay-gradient":""}},"ast-content-background-meta":{"desktop":{"background-color":"var(--ast-global-color-4)","background-image":"","background-repeat":"repeat","background-position":"center center","background-size":"auto","background-attachment":"scroll","background-type":"","background-media":"","overlay-type":"","overlay-color":"","overlay-opacity":"","overlay-gradient":""},"tablet":{"background-color":"var(--ast-global-color-4)","background-image":"","background-repeat":"repeat","background-position":"center center","background-size":"auto","background-attachment":"scroll","background-type":"","background-media":"","overlay-type":"","overlay-color":"","overlay-opacity":"","overlay-gradient":""},"mobile":{"background-color":"var(--ast-global-color-4)","background-image":"","background-repeat":"repeat","background-position":"center center","background-size":"auto","background-attachment":"scroll","background-type":"","background-media":"","overlay-type":"","overlay-color":"","overlay-opacity":"","overlay-gradient":""}},"footnotes":""},"class_list":["post-111","page","type-page","status-publish","hentry"],"_links":{"self":[{"href":"https:\/\/edyflex.com\/ejm\/index.php?rest_route=\/wp\/v2\/pages\/111","targetHints":{"allow":["GET"]}}],"collection":[{"href":"https:\/\/edyflex.com\/ejm\/index.php?rest_route=\/wp\/v2\/pages"}],"about":[{"href":"https:\/\/edyflex.com\/ejm\/index.php?rest_route=\/wp\/v2\/types\/page"}],"author":[{"embeddable":true,"href":"https:\/\/edyflex.com\/ejm\/index.php?rest_route=\/wp\/v2\/users\/1"}],"replies":[{"embeddable":true,"href":"https:\/\/edyflex.com\/ejm\/index.php?rest_route=%2Fwp%2Fv2%2Fcomments&post=111"}],"version-history":[{"count":5,"href":"https:\/\/edyflex.com\/ejm\/index.php?rest_route=\/wp\/v2\/pages\/111\/revisions"}],"predecessor-version":[{"id":270,"href":"https:\/\/edyflex.com\/ejm\/index.php?rest_route=\/wp\/v2\/pages\/111\/revisions\/270"}],"wp:attachment":[{"href":"https:\/\/edyflex.com\/ejm\/index.php?rest_route=%2Fwp%2Fv2%2Fmedia&parent=111"}],"curies":[{"name":"wp","href":"https:\/\/api.w.org\/{rel}","templated":true}]}}