{"id":95,"date":"2025-03-27T20:08:58","date_gmt":"2025-03-27T20:08:58","guid":{"rendered":"https:\/\/edyflex.com\/ejm\/?page_id=95"},"modified":"2025-04-01T20:13:00","modified_gmt":"2025-04-01T20:13:00","slug":"home-espanol","status":"publish","type":"page","link":"https:\/\/edyflex.com\/ejm\/?page_id=95&lang=es","title":{"rendered":"INICIO"},"content":{"rendered":"\n<h2 class=\"wp-block-heading has-text-align-center custom-font\" style=\"border-radius:0px\"><br><span class=\"custom-onyx\">Bienvenido a EJM PRODUCTIONS, Inc.<\/span><\/h2>\n\n\n\n<p class=\"has-text-align-center\">Direcci\u00f3n: 1068 Cherokee Street, Fawnskin, CA 92333<br>Direcci\u00f3n postal: PO Box 293, Fawnskin, CA 92333<br>Tel\u00e9fono: <a href=\"tel:+17607742798\" data-type=\"tel\" data-id=\"tel:+17607742798\">(1) 760-774-2798<\/a><br>Correo electr\u00f3nico:&nbsp;<a href=\"mailto:ejm-pro@edyflex.com\">ejm-pro@edyflex.com<\/a><\/p>\n\n\n\n<h3 class=\"wp-block-heading has-text-align-center\"><strong>\u00bfQu\u00e9 es<\/strong> <strong>EJM-PRO4?<\/strong><\/h3>\n\n\n\n<p class=\"has-text-align-center\">EJM-PRO4 es nuestro innovador programa de QR a Audio, dise\u00f1ado para museos, exposiciones y presentaciones de productos.<\/p>\n\n\n\n<p>Simplemente escaneando un c\u00f3digo QR, los visitantes pueden escuchar informaci\u00f3n en audio en varios idiomas, haciendo que tu contenido sea accesible y atractivo para una audiencia mundial.<\/p>\n\n\n\n<p class=\"has-text-align-center\">\u00bfTe gustar\u00eda una breve descripci\u00f3n de c\u00f3mo funciona EJM-PRO4 o necesitas una explicaci\u00f3n m\u00e1s detallada?<br>Elige una de las opciones a continuaci\u00f3n:<\/p>\n\n\n\n<div class=\"wp-block-buttons is-content-justification-center is-layout-flex wp-container-core-buttons-is-layout-1 wp-block-buttons-is-layout-flex\">\n<div class=\"wp-block-button\"><a class=\"wp-block-button__link has-text-align-center wp-element-button\" href=\"https:\/\/edyflex.com\/ejm\/?page_id=109&amp;lang=es\">BRIEF OVERVIEW<\/a><\/div>\n\n\n\n<div class=\"wp-block-button\"><a class=\"wp-block-button__link wp-element-button\" href=\"https:\/\/edyflex.com\/ejm\/?page_id=122&amp;lang=es\">FULL OVERVIEW!<\/a><\/div>\n<\/div>\n","protected":false},"excerpt":{"rendered":"<p>Bienvenido a EJM PRODUCTIONS, Inc. Direcci\u00f3n: 1068 Cherokee Street, Fawnskin, CA 92333Direcci\u00f3n postal: PO Box 293, Fawnskin, CA 92333Tel\u00e9fono: (1) [&hellip;]<\/p>\n","protected":false},"author":1,"featured_media":0,"parent":0,"menu_order":0,"comment_status":"closed","ping_status":"closed","template":"","meta":{"site-sidebar-layout":"default","site-content-layout":"","ast-site-content-layout":"","site-content-style":"default","site-sidebar-style":"default","ast-global-header-display":"","ast-banner-title-visibility":"","ast-main-header-display":"","ast-hfb-above-header-display":"","ast-hfb-below-header-display":"","ast-hfb-mobile-header-display":"","site-post-title":"disabled","ast-breadcrumbs-content":"","ast-featured-img":"","footer-sml-layout":"","theme-transparent-header-meta":"","adv-header-id-meta":"","stick-header-meta":"","header-above-stick-meta":"","header-main-stick-meta":"","header-below-stick-meta":"","astra-migrate-meta-layouts":"default","ast-page-background-enabled":"default","ast-page-background-meta":{"desktop":{"background-color":"var(--ast-global-color-5)","background-image":"","background-repeat":"repeat","background-position":"center center","background-size":"auto","background-attachment":"scroll","background-type":"","background-media":"","overlay-type":"","overlay-color":"","overlay-opacity":"","overlay-gradient":""},"tablet":{"background-color":"","background-image":"","background-repeat":"repeat","background-position":"center center","background-size":"auto","background-attachment":"scroll","background-type":"","background-media":"","overlay-type":"","overlay-color":"","overlay-opacity":"","overlay-gradient":""},"mobile":{"background-color":"","background-image":"","background-repeat":"repeat","background-position":"center center","background-size":"auto","background-attachment":"scroll","background-type":"","background-media":"","overlay-type":"","overlay-color":"","overlay-opacity":"","overlay-gradient":""}},"ast-content-background-meta":{"desktop":{"background-color":"var(--ast-global-color-4)","background-image":"","background-repeat":"repeat","background-position":"center center","background-size":"auto","background-attachment":"scroll","background-type":"","background-media":"","overlay-type":"","overlay-color":"","overlay-opacity":"","overlay-gradient":""},"tablet":{"background-color":"var(--ast-global-color-4)","background-image":"","background-repeat":"repeat","background-position":"center center","background-size":"auto","background-attachment":"scroll","background-type":"","background-media":"","overlay-type":"","overlay-color":"","overlay-opacity":"","overlay-gradient":""},"mobile":{"background-color":"var(--ast-global-color-4)","background-image":"","background-repeat":"repeat","background-position":"center center","background-size":"auto","background-attachment":"scroll","background-type":"","background-media":"","overlay-type":"","overlay-color":"","overlay-opacity":"","overlay-gradient":""}},"footnotes":""},"class_list":["post-95","page","type-page","status-publish","hentry"],"_links":{"self":[{"href":"https:\/\/edyflex.com\/ejm\/index.php?rest_route=\/wp\/v2\/pages\/95","targetHints":{"allow":["GET"]}}],"collection":[{"href":"https:\/\/edyflex.com\/ejm\/index.php?rest_route=\/wp\/v2\/pages"}],"about":[{"href":"https:\/\/edyflex.com\/ejm\/index.php?rest_route=\/wp\/v2\/types\/page"}],"author":[{"embeddable":true,"href":"https:\/\/edyflex.com\/ejm\/index.php?rest_route=\/wp\/v2\/users\/1"}],"replies":[{"embeddable":true,"href":"https:\/\/edyflex.com\/ejm\/index.php?rest_route=%2Fwp%2Fv2%2Fcomments&post=95"}],"version-history":[{"count":7,"href":"https:\/\/edyflex.com\/ejm\/index.php?rest_route=\/wp\/v2\/pages\/95\/revisions"}],"predecessor-version":[{"id":291,"href":"https:\/\/edyflex.com\/ejm\/index.php?rest_route=\/wp\/v2\/pages\/95\/revisions\/291"}],"wp:attachment":[{"href":"https:\/\/edyflex.com\/ejm\/index.php?rest_route=%2Fwp%2Fv2%2Fmedia&parent=95"}],"curies":[{"name":"wp","href":"https:\/\/api.w.org\/{rel}","templated":true}]}}