{"id":96,"date":"2025-03-27T20:08:58","date_gmt":"2025-03-27T20:08:58","guid":{"rendered":"https:\/\/edyflex.com\/ejm\/?page_id=96"},"modified":"2025-04-01T20:14:36","modified_gmt":"2025-04-01T20:14:36","slug":"home-deutsch","status":"publish","type":"page","link":"https:\/\/edyflex.com\/ejm\/?page_id=96&lang=de","title":{"rendered":"STARTSEITE"},"content":{"rendered":"\n<h2 class=\"wp-block-heading has-text-align-center custom-font\" style=\"border-radius:0px\"><br><span class=\"custom-onyx\">Willkommen bei EJM PRODUCTIONS, Inc.<\/span><\/h2>\n\n\n\n<p class=\"has-text-align-center\">Adresse: 1068 Cherokee Street, Fawnskin, CA 92333<br>Postanschrift: PO Box 293, Fawnskin, CA 92333<br>Telefon: <a href=\"tel:+17607742798\" data-type=\"tel\" data-id=\"tel:+17607742798\">(1) 760-774-2798<\/a><br>E-Mail:&nbsp;<a href=\"mailto:ejm-pro@edyflex.com\">ejm-pro@edyflex.com<\/a><\/p>\n\n\n\n<h3 class=\"wp-block-heading has-text-align-center\"><strong>Was ist EJM-PRO4?<\/strong><\/h3>\n\n\n\n<p class=\"has-text-align-center\">EJM-PRO4 ist unser hochmodernes QR-zu-Audio-Programm, das f\u00fcr Museen, Ausstellungen und Produktpr\u00e4sentationen entwickelt wurde.<\/p>\n\n\n\n<p>Durch einfaches Scannen eines QR-Codes k\u00f6nnen Besucher Audio-Informationen in mehreren Sprachen anh\u00f6ren \u2013 so wird Ihr Inhalt f\u00fcr ein weltweites Publikum zug\u00e4nglich und ansprechend.<\/p>\n\n\n\n<p class=\"has-text-align-center\">M\u00f6chten Sie einen kurzen \u00dcberblick dar\u00fcber, wie EJM-PRO4 funktioniert, oder ben\u00f6tigen Sie eine detailliertere Erkl\u00e4rung?<br>W\u00e4hlen Sie eine der folgenden Optionen:<\/p>\n\n\n\n<div class=\"wp-block-buttons is-content-justification-center is-layout-flex wp-container-core-buttons-is-layout-1 wp-block-buttons-is-layout-flex\">\n<div class=\"wp-block-button\"><a class=\"wp-block-button__link has-text-align-center wp-element-button\" href=\"https:\/\/edyflex.com\/ejm\/?page_id=111&amp;lang=de\">BRIEF OVERVIEW<\/a><\/div>\n\n\n\n<div class=\"wp-block-button\"><a class=\"wp-block-button__link wp-element-button\" href=\"https:\/\/edyflex.com\/ejm\/?page_id=126&amp;lang=de\">FULL OVERVIEW!<\/a><\/div>\n<\/div>\n","protected":false},"excerpt":{"rendered":"<p>Willkommen bei EJM PRODUCTIONS, Inc. Adresse: 1068 Cherokee Street, Fawnskin, CA 92333Postanschrift: PO Box 293, Fawnskin, CA 92333Telefon: (1) 760-774-2798E-Mail:&nbsp;ejm-pro@edyflex.com [&hellip;]<\/p>\n","protected":false},"author":1,"featured_media":0,"parent":0,"menu_order":0,"comment_status":"closed","ping_status":"closed","template":"","meta":{"site-sidebar-layout":"default","site-content-layout":"","ast-site-content-layout":"","site-content-style":"default","site-sidebar-style":"default","ast-global-header-display":"","ast-banner-title-visibility":"","ast-main-header-display":"","ast-hfb-above-header-display":"","ast-hfb-below-header-display":"","ast-hfb-mobile-header-display":"","site-post-title":"disabled","ast-breadcrumbs-content":"","ast-featured-img":"","footer-sml-layout":"","theme-transparent-header-meta":"","adv-header-id-meta":"","stick-header-meta":"","header-above-stick-meta":"","header-main-stick-meta":"","header-below-stick-meta":"","astra-migrate-meta-layouts":"default","ast-page-background-enabled":"default","ast-page-background-meta":{"desktop":{"background-color":"var(--ast-global-color-5)","background-image":"","background-repeat":"repeat","background-position":"center center","background-size":"auto","background-attachment":"scroll","background-type":"","background-media":"","overlay-type":"","overlay-color":"","overlay-opacity":"","overlay-gradient":""},"tablet":{"background-color":"","background-image":"","background-repeat":"repeat","background-position":"center center","background-size":"auto","background-attachment":"scroll","background-type":"","background-media":"","overlay-type":"","overlay-color":"","overlay-opacity":"","overlay-gradient":""},"mobile":{"background-color":"","background-image":"","background-repeat":"repeat","background-position":"center center","background-size":"auto","background-attachment":"scroll","background-type":"","background-media":"","overlay-type":"","overlay-color":"","overlay-opacity":"","overlay-gradient":""}},"ast-content-background-meta":{"desktop":{"background-color":"var(--ast-global-color-4)","background-image":"","background-repeat":"repeat","background-position":"center center","background-size":"auto","background-attachment":"scroll","background-type":"","background-media":"","overlay-type":"","overlay-color":"","overlay-opacity":"","overlay-gradient":""},"tablet":{"background-color":"var(--ast-global-color-4)","background-image":"","background-repeat":"repeat","background-position":"center center","background-size":"auto","background-attachment":"scroll","background-type":"","background-media":"","overlay-type":"","overlay-color":"","overlay-opacity":"","overlay-gradient":""},"mobile":{"background-color":"var(--ast-global-color-4)","background-image":"","background-repeat":"repeat","background-position":"center center","background-size":"auto","background-attachment":"scroll","background-type":"","background-media":"","overlay-type":"","overlay-color":"","overlay-opacity":"","overlay-gradient":""}},"footnotes":""},"class_list":["post-96","page","type-page","status-publish","hentry"],"_links":{"self":[{"href":"https:\/\/edyflex.com\/ejm\/index.php?rest_route=\/wp\/v2\/pages\/96","targetHints":{"allow":["GET"]}}],"collection":[{"href":"https:\/\/edyflex.com\/ejm\/index.php?rest_route=\/wp\/v2\/pages"}],"about":[{"href":"https:\/\/edyflex.com\/ejm\/index.php?rest_route=\/wp\/v2\/types\/page"}],"author":[{"embeddable":true,"href":"https:\/\/edyflex.com\/ejm\/index.php?rest_route=\/wp\/v2\/users\/1"}],"replies":[{"embeddable":true,"href":"https:\/\/edyflex.com\/ejm\/index.php?rest_route=%2Fwp%2Fv2%2Fcomments&post=96"}],"version-history":[{"count":5,"href":"https:\/\/edyflex.com\/ejm\/index.php?rest_route=\/wp\/v2\/pages\/96\/revisions"}],"predecessor-version":[{"id":293,"href":"https:\/\/edyflex.com\/ejm\/index.php?rest_route=\/wp\/v2\/pages\/96\/revisions\/293"}],"wp:attachment":[{"href":"https:\/\/edyflex.com\/ejm\/index.php?rest_route=%2Fwp%2Fv2%2Fmedia&parent=96"}],"curies":[{"name":"wp","href":"https:\/\/api.w.org\/{rel}","templated":true}]}}