{"id":99,"date":"2025-03-27T20:40:32","date_gmt":"2025-03-27T20:40:32","guid":{"rendered":"https:\/\/edyflex.com\/ejm\/?page_id=99"},"modified":"2025-03-31T20:50:46","modified_gmt":"2025-03-31T20:50:46","slug":"france-information","status":"publish","type":"page","link":"https:\/\/edyflex.com\/ejm\/?page_id=99&lang=fr","title":{"rendered":"INFORMATIONS"},"content":{"rendered":"\n<h3 class=\"wp-block-heading has-text-align-center\"><br><strong>EJM-PRO-4&nbsp;<br>QR to AUDIO PROGRAM<\/strong><\/h3>\n\n\n\n<p><br>En scannant le code QR plac\u00e9 \u00e0 c\u00f4t\u00e9 des objets expos\u00e9s dans les mus\u00e9es, les expositions et les d\u00e9monstrations de produits, les visiteurs peuvent \u00e9couter des informations en plusieurs langues sur leur t\u00e9l\u00e9phone.<\/p>\n\n\n\n<p>Le service combine l&#8217;exp\u00e9rience visuelle avec l&#8217;\u00e9coute de l&#8217;explication qui l&#8217;accompagne, ce qui cr\u00e9e un effet compl\u00e8tement nouveau et beaucoup plus d&#8217;informations. Cela peut \u00eatre informatif, divertissant ou \u00e9ducatif. La dur\u00e9e du support audio est de 4 \u00e0 5 minutes, chacune correspondant \u00e0 650 \u00e0 700 mots de texte \u00e9crit.<\/p>\n\n\n\n<p>Nous fournissons actuellement des services en quatre langues diff\u00e9rentes : anglais, espagnol, fran\u00e7ais et allemand. Il appartient au visiteur de choisir sa langue pr\u00e9f\u00e9r\u00e9e. Un nombre illimit\u00e9 de visiteurs peuvent acc\u00e9der au service pour le m\u00eame objet d&#8217;exposition \u2013 en m\u00eame temps, dans toutes les langues. La lecture des fichiers audio peut varier selon la langue et le visiteur.<\/p>\n\n\n\n<p>Ci-dessous, nous vous pr\u00e9sentons le programme du tableau \u00ab Iris \u00bb de Vincent Van Gogh et une copie expos\u00e9e de la Bible de Guttenberg.<\/p>\n\n\n\n<div class=\"wp-block-columns are-vertically-aligned-top is-layout-flex wp-container-core-columns-is-layout-1 wp-block-columns-is-layout-flex\">\n<div class=\"wp-block-column is-vertically-aligned-top is-layout-flow wp-block-column-is-layout-flow\">\n<p class=\"has-text-align-center\">Van Gogh: Irises<\/p>\n\n\n\n<figure class=\"wp-block-image aligncenter size-full\"><img loading=\"lazy\" decoding=\"async\" width=\"164\" height=\"164\" src=\"https:\/\/edyflex.com\/ejm\/wp-content\/uploads\/2025\/03\/qr-13.png\" alt=\"\" class=\"wp-image-74\"\/><\/figure>\n<\/div>\n\n\n\n<div class=\"wp-block-column is-vertically-aligned-top is-layout-flow wp-block-column-is-layout-flow\">\n<p class=\"has-text-align-center\">Gutenberg Bible<\/p>\n\n\n\n<figure class=\"wp-block-image aligncenter size-full\"><img loading=\"lazy\" decoding=\"async\" width=\"164\" height=\"164\" src=\"https:\/\/edyflex.com\/ejm\/wp-content\/uploads\/2025\/03\/qr-22.png\" alt=\"\" class=\"wp-image-73\"\/><\/figure>\n<\/div>\n<\/div>\n\n\n\n<p><br>La seule chose exig\u00e9e du client est une description textuelle de l&#8217;objet &#8211; le reste des t\u00e2ches : traductions, r\u00e9alisation d&#8217;un enregistrement audio et cr\u00e9ation d&#8217;un panneau \u00e0 c\u00f4t\u00e9 de l&#8217;objet expos\u00e9 &#8211; sont \u00e0 la charge du programme.<br><br>Si nous avons piqu\u00e9 votre int\u00e9r\u00eat, sur la page <a href=\"https:\/\/edyflex.com\/ejm\/?page_id=102&amp;lang=fr\" data-type=\"page\" data-id=\"102\">Description<\/a>, vous pouvez apprendre en d\u00e9tail comment fonctionne le syst\u00e8me, de quoi le programme EJM-PRO-4 est capable et vous pouvez \u00e9galement lire des informations sur le processus de commande. Les pages suppl\u00e9mentaires incluent le bon de commande requis pour la commande et le paiement par carte de cr\u00e9dit.<br><br>Pour toute autre question, nous sommes pr\u00eats \u00e0 servir nos clients \u00e0 l&#8217;adresse e-mail <a href=\"mailto:ejm-pro@edyflex.com\">ejm-pro@edyflex.com<\/a> ou en appelant le 760-774-2798 les jours ouvrables entre 10h et 16h (heure normale du Pacifique).<\/p>\n\n\n\n<p><\/p>\n","protected":false},"excerpt":{"rendered":"<p>EJM-PRO-4&nbsp;QR to AUDIO PROGRAM En scannant le code QR plac\u00e9 \u00e0 c\u00f4t\u00e9 des objets expos\u00e9s dans les mus\u00e9es, les expositions [&hellip;]<\/p>\n","protected":false},"author":1,"featured_media":0,"parent":0,"menu_order":0,"comment_status":"closed","ping_status":"closed","template":"","meta":{"site-sidebar-layout":"default","site-content-layout":"","ast-site-content-layout":"","site-content-style":"default","site-sidebar-style":"default","ast-global-header-display":"","ast-banner-title-visibility":"","ast-main-header-display":"","ast-hfb-above-header-display":"","ast-hfb-below-header-display":"","ast-hfb-mobile-header-display":"","site-post-title":"disabled","ast-breadcrumbs-content":"","ast-featured-img":"","footer-sml-layout":"","theme-transparent-header-meta":"","adv-header-id-meta":"","stick-header-meta":"","header-above-stick-meta":"","header-main-stick-meta":"","header-below-stick-meta":"","astra-migrate-meta-layouts":"default","ast-page-background-enabled":"default","ast-page-background-meta":{"desktop":{"background-color":"var(--ast-global-color-5)","background-image":"","background-repeat":"repeat","background-position":"center center","background-size":"auto","background-attachment":"scroll","background-type":"","background-media":"","overlay-type":"","overlay-color":"","overlay-opacity":"","overlay-gradient":""},"tablet":{"background-color":"","background-image":"","background-repeat":"repeat","background-position":"center center","background-size":"auto","background-attachment":"scroll","background-type":"","background-media":"","overlay-type":"","overlay-color":"","overlay-opacity":"","overlay-gradient":""},"mobile":{"background-color":"","background-image":"","background-repeat":"repeat","background-position":"center center","background-size":"auto","background-attachment":"scroll","background-type":"","background-media":"","overlay-type":"","overlay-color":"","overlay-opacity":"","overlay-gradient":""}},"ast-content-background-meta":{"desktop":{"background-color":"var(--ast-global-color-4)","background-image":"","background-repeat":"repeat","background-position":"center center","background-size":"auto","background-attachment":"scroll","background-type":"","background-media":"","overlay-type":"","overlay-color":"","overlay-opacity":"","overlay-gradient":""},"tablet":{"background-color":"var(--ast-global-color-4)","background-image":"","background-repeat":"repeat","background-position":"center center","background-size":"auto","background-attachment":"scroll","background-type":"","background-media":"","overlay-type":"","overlay-color":"","overlay-opacity":"","overlay-gradient":""},"mobile":{"background-color":"var(--ast-global-color-4)","background-image":"","background-repeat":"repeat","background-position":"center center","background-size":"auto","background-attachment":"scroll","background-type":"","background-media":"","overlay-type":"","overlay-color":"","overlay-opacity":"","overlay-gradient":""}},"footnotes":""},"class_list":["post-99","page","type-page","status-publish","hentry"],"_links":{"self":[{"href":"https:\/\/edyflex.com\/ejm\/index.php?rest_route=\/wp\/v2\/pages\/99","targetHints":{"allow":["GET"]}}],"collection":[{"href":"https:\/\/edyflex.com\/ejm\/index.php?rest_route=\/wp\/v2\/pages"}],"about":[{"href":"https:\/\/edyflex.com\/ejm\/index.php?rest_route=\/wp\/v2\/types\/page"}],"author":[{"embeddable":true,"href":"https:\/\/edyflex.com\/ejm\/index.php?rest_route=\/wp\/v2\/users\/1"}],"replies":[{"embeddable":true,"href":"https:\/\/edyflex.com\/ejm\/index.php?rest_route=%2Fwp%2Fv2%2Fcomments&post=99"}],"version-history":[{"count":7,"href":"https:\/\/edyflex.com\/ejm\/index.php?rest_route=\/wp\/v2\/pages\/99\/revisions"}],"predecessor-version":[{"id":280,"href":"https:\/\/edyflex.com\/ejm\/index.php?rest_route=\/wp\/v2\/pages\/99\/revisions\/280"}],"wp:attachment":[{"href":"https:\/\/edyflex.com\/ejm\/index.php?rest_route=%2Fwp%2Fv2%2Fmedia&parent=99"}],"curies":[{"name":"wp","href":"https:\/\/api.w.org\/{rel}","templated":true}]}}